{"id":4858,"date":"2022-11-22T22:32:28","date_gmt":"2022-11-22T21:32:28","guid":{"rendered":"https:\/\/www.champsdavaux.com\/nos-services"},"modified":"2024-08-06T15:45:39","modified_gmt":"2024-08-06T13:45:39","slug":"our-services","status":"publish","type":"page","link":"https:\/\/www.champsdavaux.com\/en\/our-services","title":{"rendered":"Our services"},"content":{"rendered":"<!DOCTYPE html PUBLIC \"-\/\/W3C\/\/DTD HTML 4.0 Transitional\/\/EN\" \"http:\/\/www.w3.org\/TR\/REC-html40\/loose.dtd\">\n<html><body><section id=\"\" class=\"section_17418 relative  block_bandeau  dark t_pad4 r_pad0 b_pad4 l_pad0 t_mar0 r_mar0 b_mar0 l_mar0 bg_cover no-repeat bg_centre\" style=\" background-image:url(https:\/\/www.champsdavaux.com\/wp-content\/uploads\/2024\/05\/nos-services-2.jpg); \"><!-- block_bandeau simple --><div class=\"bandeaux bandeau_simple\"><div class=\"bandeaux_container\"><div class=\"bandeau\"><div class=\"lcontainer container relative  zindex \"><div class=\"colonnes\"><div class=\"colonne block_col_desktop_grid_span12 block_col_tabW_grid_span12 block_col_tabH_grid_span12 block_col_mobile_grid_span12\"><div class=\"inner_colonne\"><\/div><\/div><\/div><\/div><\/div><\/div><\/div><\/section><div class=\"ariane\"><div class=\"container lcontainer\"><p id=\"breadcrumbs\"><span><span><a href=\"https:\/\/www.champsdavaux.com\/en\">Accueil<\/a><\/span><\/span><\/p><\/div><\/div><div class=\"titre_bandeau\"><div class=\"container lcontainer\"><h1 class=\"heading1\"><span><p>Our services<\/p>\n<\/span><\/h1><\/div><\/div>\n\n<!-- Bloc colonnes --><section id=\"\" class=\"section_30769 relative  block_colonnes  dark t_pad4 r_pad0 b_pad4 l_pad0 t_mar0 r_mar0 b_mar0 l_mar0 bg_cover no-repeat bg_centre\" style=\"\"><div class=\"lcontainer container relative  zindex \"><div class=\"colonnes  col_gg0\"><!-- Nos services inclus --><div class=\"colonne grid block_col_desktop_grid_span6 block_col_tabW_grid_span6 block_col_tabH_grid_span6 block_col_mobile_grid_span12 desktop_order10 tabW_order10 tabH_order10 mobile_order10 left v_center \" style=\" padding-top:30px; padding-bottom:30px;\"><div class=\"inner_colonne \"><div class=\"colonne_texte_intro style_paragraphe animate animateL none animation_duration_5\" style=\" padding-left:30px; padding-right:30px;\"><h3 style=\"text-align: left;\" class=\"heading3\">Reception<\/h3>\n<p style=\"text-align: left;\">The hotel reception is open on weekdays from 6:30 AM to 11:00 PM and on weekends from 7:00 AM to 11:00 PM.<\/p>\n<p style=\"text-align: left;\">Our team is here to ensure your stay is as pleasant as possible. We are available to offer advice on things to do and places to visit in the region.<br>\nLanguages spoken: French, English, Spanish.<\/p>\n<h3 style=\"text-align: left;\" class=\"heading3\">Pool \/ Spa<\/h3>\n<p style=\"text-align: left;\">From early May to late September, the hotel&rsquo;s outdoor pool is heated to 27&deg;C. An outdoor spa also invites you to a moment of relaxation.<\/p>\n<h3 class=\"heading3\" style=\"text-align: left;\">Outdoor Activities<\/h3>\n<p class=\"has-text-align-center\" style=\"text-align: left;\">Are you a p&eacute;tanque enthusiast? Test your skills at the boules court! Challenge your partners to an exciting game of badminton, or simply relax by strolling through our park.<\/p>\n<\/div><\/div><\/div><!-- Image --><div class=\"colonne grid block_col_desktop_grid_span6 block_col_tabW_grid_span6 block_col_tabH_grid_span6 block_col_mobile_grid_span12 desktop_order10 tabW_order10 tabH_order10 mobile_order10 center v_center \" style=\" padding-top:0px; padding-bottom:0px;\"><div class=\"inner_colonne \"><div class=\"slider_all_around relative animate animateR none animation_duration_5\" style=\" margin-left:30px; margin-right:30px; margin-left:0px; margin-right:0px;\"><div class=\"tinyslider tinyslider_522676\"><div class=\"slider_contenu\"><img decoding=\"async\" src=\"https:\/\/www.champsdavaux.com\/wp-content\/uploads\/2024\/04\/Jaccuzi-et-jardin-champsdavaux.jpg\" class=\"fw\" loading=\"lazy\"><\/div><\/div><\/div>   <script type=\"text\/javascript\">\n   var slider = tns({\n      container: '.tinyslider_522676',\n      autoHeight: false,\n      items: 1,\n      slideBy: 'page',\n      loop: true,\n      autoplay: true,\n      autoplayButtonOutput: false,\n      controls: true,\n      mouseDrag:true,\n   });\n   <\/script><\/div><\/div><!-- Image --><div class=\"colonne grid block_col_desktop_grid_span6 block_col_tabW_grid_span6 block_col_tabH_grid_span6 block_col_mobile_grid_span12 desktop_order10 tabW_order10 tabH_order10 mobile_order10 center v_center \" style=\" padding-top:0px; padding-bottom:0px;\"><div class=\"inner_colonne \"><div class=\"slider_all_around relative animate animateR none animation_duration_5\" style=\" margin-left:30px; margin-right:30px; margin-left:0px; margin-right:0px; margin-left:0px; margin-right:0px;\"><div class=\"tinyslider tinyslider_187745\"><div class=\"slider_contenu\"><img decoding=\"async\" src=\"https:\/\/www.champsdavaux.com\/wp-content\/uploads\/2024\/04\/Restauration_champs-davaux.jpg\" class=\"fw\" loading=\"lazy\"><\/div><\/div><\/div>   <script type=\"text\/javascript\">\n   var slider = tns({\n      container: '.tinyslider_187745',\n      autoHeight: false,\n      items: 1,\n      slideBy: 'page',\n      loop: true,\n      autoplay: true,\n      autoplayButtonOutput: false,\n      controls: true,\n      mouseDrag:true,\n   });\n   <\/script><\/div><\/div><!-- Services restauration --><div class=\"colonne grid block_col_desktop_grid_span6 block_col_tabW_grid_span6 block_col_tabH_grid_span6 block_col_mobile_grid_span12 desktop_order10 tabW_order10 tabH_order10 mobile_order10 left v_center \" style=\" padding-top:30px; padding-bottom:30px;\"><div class=\"inner_colonne \"><div class=\"colonne_texte_intro style_paragraphe animate animateL none animation_duration_5\" style=\" padding-left:30px; padding-right:30px;\"><h3 class=\"heading3\">Breakfast<\/h3>\n<p style=\"text-align: justify;\">Continental breakfast is served on weekdays from 6:30 AM to 10:00 AM and on weekends from 7:00 AM to 10:30 AM. You can enjoy hot and cold drinks, freshly baked baguettes and cereals, pastries, artisanal brioche, cakes, eggs, a selection of cheeses and cold cuts, dairy products, fruits, and compote.<\/p>\n<h3 class=\"heading3\">Dining<\/h3>\n<p style=\"text-align: justify;\">Reserve your table for lunch or dinner at the Les Champs d&rsquo;Avaux restaurant, located next to the hotel. Enjoy bistronomic cuisine with seasonal and local ingredients.<\/p>\n<h3 class=\"heading3\">Bar<\/h3>\n<p style=\"text-align: justify;\">The hotel features a bar area where you can relax, either indoors or on the terrace overlooking the hotel park.<\/p>\n<\/div><\/div><\/div><!-- Services suppl&eacute;mentaires --><div class=\"colonne grid block_col_desktop_grid_span6 block_col_tabW_grid_span6 block_col_tabH_grid_span6 block_col_mobile_grid_span12 desktop_order10 tabW_order10 tabH_order10 mobile_order10 left v_center \" style=\" padding-top:30px; padding-bottom:30px;\"><div class=\"inner_colonne \"><div class=\"colonne_texte_intro style_paragraphe animate animateL none animation_duration_5\" style=\" padding-left:30px; padding-right:30px;\"><h3 class=\"heading3\">Pets<\/h3>\n<p style=\"text-align: justify;\">Pets are welcome on request, with an additional charge of &euro;12 per night.<\/p>\n<h3 class=\"heading3\">Parking<\/h3>\n<p style=\"text-align: justify;\">The hotel offers private parking with charging stations for electric vehicles.<\/p>\n<h3 class=\"heading3\">Meeting Rooms<\/h3>\n<p style=\"text-align: justify;\">We have 5 flexible meeting rooms with a total space of up to 200m&sup2;. If you need a room for work, please do not hesitate to ask at the reception.<\/p>\n<\/div><\/div><\/div><!-- Image --><div class=\"colonne grid block_col_desktop_grid_span6 block_col_tabW_grid_span6 block_col_tabH_grid_span6 block_col_mobile_grid_span12 desktop_order10 tabW_order10 tabH_order10 mobile_order10 center v_center \" style=\" padding-top:0px; padding-bottom:0px;\"><div class=\"inner_colonne \"><div class=\"slider_all_around relative animate animateR none animation_duration_5\" style=\" margin-left:30px; margin-right:30px; margin-left:0px; margin-right:0px; margin-left:0px; margin-right:0px; margin-left:30px; margin-right:30px; margin-left:30px; margin-right:30px; margin-left:0px; margin-right:0px;\"><div class=\"tinyslider tinyslider_842353\"><div class=\"slider_contenu\"><img decoding=\"async\" src=\"https:\/\/www.champsdavaux.com\/wp-content\/uploads\/2024\/04\/salle-de-reunion-champsdavaux.jpg\" class=\"fw\" loading=\"lazy\"><\/div><\/div><\/div>   <script type=\"text\/javascript\">\n   var slider = tns({\n      container: '.tinyslider_842353',\n      autoHeight: false,\n      items: 1,\n      slideBy: 'page',\n      loop: true,\n      autoplay: true,\n      autoplayButtonOutput: false,\n      controls: true,\n      mouseDrag:true,\n   });\n   <\/script><\/div><\/div><!-- Image --><div class=\"colonne grid block_col_desktop_grid_span6 block_col_tabW_grid_span6 block_col_tabH_grid_span6 block_col_mobile_grid_span12 desktop_order10 tabW_order10 tabH_order10 mobile_order10 center v_center \" style=\" padding-top:0px; padding-bottom:0px;\"><div class=\"inner_colonne \"><div class=\"slider_all_around relative animate animateR none animation_duration_5\" style=\" margin-left:30px; margin-right:30px; margin-left:0px; margin-right:0px; margin-left:0px; margin-right:0px; margin-left:30px; margin-right:30px; margin-left:30px; margin-right:30px; margin-left:0px; margin-right:0px; margin-left:0px; margin-right:0px;\"><div class=\"tinyslider tinyslider_375716\"><div class=\"slider_contenu\"><img decoding=\"async\" src=\"https:\/\/www.champsdavaux.com\/wp-content\/uploads\/2024\/05\/Chambre_PMR2.png\" class=\"fw\" loading=\"lazy\"><\/div><\/div><\/div>   <script type=\"text\/javascript\">\n   var slider = tns({\n      container: '.tinyslider_375716',\n      autoHeight: false,\n      items: 1,\n      slideBy: 'page',\n      loop: true,\n      autoplay: true,\n      autoplayButtonOutput: false,\n      controls: true,\n      mouseDrag:true,\n   });\n   <\/script><\/div><\/div><!-- Services suppl&eacute;mentaires --><div class=\"colonne grid block_col_desktop_grid_span6 block_col_tabW_grid_span6 block_col_tabH_grid_span6 block_col_mobile_grid_span12 desktop_order10 tabW_order10 tabH_order10 mobile_order10 left v_center \" style=\" padding-top:30px; padding-bottom:30px;\"><div class=\"inner_colonne \"><div class=\"colonne_texte_intro style_paragraphe animate animateL none animation_duration_5\" style=\" padding-left:30px; padding-right:30px;\"><h3 class=\"heading3\">Wi-Fi<\/h3>\n<p style=\"text-align: justify;\">Free Wi-Fi is available throughout the hotel&rsquo;s common areas and in the rooms.<\/p>\n<h3 class=\"heading3\">Ironing<\/h3>\n<p>Our team can provide you with an iron and ironing board upon request.<\/p>\n<h3 class=\"heading3\">Television<\/h3>\n<p style=\"text-align: justify;\">All rooms are equipped with a television with Chromecast.<\/p>\n<h3 class=\"heading3\">Baby Cot<\/h3>\n<p style=\"text-align: justify;\">The hotel can provide a baby cot upon request.<\/p>\n<\/div><\/div><\/div><\/div><\/div><\/section><!-- Bloc colonnes --><section id=\"\" class=\"section_98886 relative  block_colonnes  dark t_pad10 r_pad0 b_pad15 l_pad0 t_mar0 r_mar0 b_mar0 l_mar0 bg_cover no-repeat bg_centre\" style=\" background-image:url(https:\/\/www.champsdavaux.com\/wp-content\/uploads\/2024\/04\/bandeau_vignoble_champsdavaux.jpg); \"><div class=\"fwnmcontainer container relative  zindex \"><\/div><\/section><!-- Bloc colonnes --><section id=\"\" class=\"section_95727 relative  block_colonnes  dark t_pad4 r_pad0 b_pad4 l_pad0 t_mar0 r_mar0 b_mar0 l_mar0 bg_cover no-repeat bg_centre\" style=\"\"><div class=\"lcontainer container relative  zindex \"><div class=\"colonnes  col_gg2\"><!-- Lien chambres --><div class=\"colonne grid block_col_desktop_grid_span4 block_col_tabW_grid_span4 block_col_tabH_grid_span4 block_col_mobile_grid_span12 desktop_order10 tabW_order10 tabH_order10 mobile_order10 center v_center  bg_centre bg_cover no-repeat\" style=\" background-image:url(https:\/\/www.champsdavaux.com\/wp-content\/uploads\/2024\/04\/Hotel-et-piscine-les-champs-davaux.jpg); padding-top:0px; padding-bottom:0px;\"><div class=\"inner_colonne inner_colonne_survol\"><a href=\"https:\/\/www.champsdavaux.com\/en\/les-champs-davaux\" class=\"lien_pleine_colonne\" target=\"\"><\/a><div class=\"col_link\" style=\"\"><a href=\"https:\/\/www.champsdavaux.com\/en\/les-champs-davaux\" class=\"btn btn4\" target=\"\"><span>The Hotel<\/span><\/a><\/div><\/div><\/div><!-- Lien engagements --><div class=\"colonne grid block_col_desktop_grid_span4 block_col_tabW_grid_span4 block_col_tabH_grid_span4 block_col_mobile_grid_span12 desktop_order10 tabW_order10 tabH_order10 mobile_order10 center v_center  bg_centre bg_cover no-repeat\" style=\" background-image:url(https:\/\/www.champsdavaux.com\/wp-content\/uploads\/2024\/04\/ballade_loire_champs-davaux.jpg); padding-top:0px; padding-bottom:0px;\"><div class=\"inner_colonne inner_colonne_survol\"><a href=\"https:\/\/www.champsdavaux.com\/en\/nos-engagements\" class=\"lien_pleine_colonne\" target=\"\"><\/a><div class=\"col_link\" style=\"\"><a href=\"https:\/\/www.champsdavaux.com\/en\/nos-engagements\" class=\"btn btn5\" target=\"\"><span>Our promises<\/span><\/a><\/div><\/div><\/div><!-- Lien restaurant --><div class=\"colonne grid block_col_desktop_grid_span4 block_col_tabW_grid_span4 block_col_tabH_grid_span4 block_col_mobile_grid_span12 desktop_order10 tabW_order10 tabH_order10 mobile_order10 center v_center  bg_centre bg_cover no-repeat\" style=\" background-image:url(https:\/\/www.champsdavaux.com\/wp-content\/uploads\/2024\/04\/dressage_de_plats_champs-davaux.jpg); padding-top:0px; padding-bottom:0px;\"><div class=\"inner_colonne inner_colonne_survol\"><a href=\"https:\/\/www.champsdavaux.com\/en\/our-restaurant\" class=\"lien_pleine_colonne\" target=\"\"><\/a><div class=\"col_link\" style=\"\"><a href=\"https:\/\/www.champsdavaux.com\/en\/our-restaurant\" class=\"btn btn4\" target=\"\"><span>Our restaurant<\/span><\/a><\/div><\/div><\/div><\/div><\/div><\/section><\/body><\/html>\n","protected":false},"excerpt":{"rendered":"","protected":false},"author":1,"featured_media":3802,"parent":0,"menu_order":0,"comment_status":"closed","ping_status":"closed","template":"","meta":{"_acf_changed":false,"inline_featured_image":false,"footnotes":""},"class_list":["post-4858","page","type-page","status-publish","has-post-thumbnail","hentry"],"acf":[],"yoast_head":"<!-- This site is optimized with the Yoast SEO plugin v22.8 - https:\/\/yoast.com\/wordpress\/plugins\/seo\/ -->\n<title>D\u00e9couvrez les services inclus dans notre h\u00f4tel<\/title>\n<meta name=\"description\" content=\"Vous souhaitez en savoir plus sur les services propos\u00e9s par l&#039;h\u00f4tel ? C&#039;est par ici ! Profitez de la piscine et de nos autres \u00e9quipements !\" \/>\n<meta name=\"robots\" content=\"index, follow, max-snippet:-1, max-image-preview:large, max-video-preview:-1\" \/>\n<link rel=\"canonical\" href=\"https:\/\/www.champsdavaux.com\/en\/our-services\" \/>\n<meta property=\"og:locale\" content=\"en_US\" \/>\n<meta property=\"og:type\" content=\"article\" \/>\n<meta property=\"og:title\" content=\"D\u00e9couvrez les services inclus dans notre h\u00f4tel\" \/>\n<meta property=\"og:description\" content=\"Vous souhaitez en savoir plus sur les services propos\u00e9s par l&#039;h\u00f4tel ? C&#039;est par ici ! Profitez de la piscine et de nos autres \u00e9quipements !\" \/>\n<meta property=\"og:url\" content=\"https:\/\/www.champsdavaux.com\/en\/our-services\" \/>\n<meta property=\"og:site_name\" content=\"Les Champs d&#039;Avaux\" \/>\n<meta property=\"article:modified_time\" content=\"2024-08-06T13:45:39+00:00\" \/>\n<meta property=\"og:image\" content=\"https:\/\/www.champsdavaux.com\/wp-content\/uploads\/2024\/04\/Jaccuzi-et-jardin-champsdavaux.jpg\" \/>\n\t<meta property=\"og:image:width\" content=\"650\" \/>\n\t<meta property=\"og:image:height\" content=\"650\" \/>\n\t<meta property=\"og:image:type\" content=\"image\/jpeg\" \/>\n<meta name=\"twitter:card\" content=\"summary_large_image\" \/>\n<meta name=\"twitter:label1\" content=\"Est. reading time\" \/>\n\t<meta name=\"twitter:data1\" content=\"1 minute\" \/>\n<script type=\"application\/ld+json\" class=\"yoast-schema-graph\">{\"@context\":\"https:\/\/schema.org\",\"@graph\":[{\"@type\":\"WebPage\",\"@id\":\"https:\/\/www.champsdavaux.com\/en\/our-services\",\"url\":\"https:\/\/www.champsdavaux.com\/en\/our-services\",\"name\":\"D\u00e9couvrez les services inclus dans notre h\u00f4tel\",\"isPartOf\":{\"@id\":\"https:\/\/www.champsdavaux.com\/#website\"},\"primaryImageOfPage\":{\"@id\":\"https:\/\/www.champsdavaux.com\/en\/our-services#primaryimage\"},\"image\":{\"@id\":\"https:\/\/www.champsdavaux.com\/en\/our-services#primaryimage\"},\"thumbnailUrl\":\"https:\/\/www.champsdavaux.com\/wp-content\/uploads\/2024\/04\/Jaccuzi-et-jardin-champsdavaux.jpg\",\"datePublished\":\"2022-11-22T21:32:28+00:00\",\"dateModified\":\"2024-08-06T13:45:39+00:00\",\"description\":\"Vous souhaitez en savoir plus sur les services propos\u00e9s par l'h\u00f4tel ? C'est par ici ! Profitez de la piscine et de nos autres \u00e9quipements !\",\"breadcrumb\":{\"@id\":\"https:\/\/www.champsdavaux.com\/en\/our-services#breadcrumb\"},\"inLanguage\":\"en-US\",\"potentialAction\":[{\"@type\":\"ReadAction\",\"target\":[\"https:\/\/www.champsdavaux.com\/en\/our-services\"]}]},{\"@type\":\"ImageObject\",\"inLanguage\":\"en-US\",\"@id\":\"https:\/\/www.champsdavaux.com\/en\/our-services#primaryimage\",\"url\":\"https:\/\/www.champsdavaux.com\/wp-content\/uploads\/2024\/04\/Jaccuzi-et-jardin-champsdavaux.jpg\",\"contentUrl\":\"https:\/\/www.champsdavaux.com\/wp-content\/uploads\/2024\/04\/Jaccuzi-et-jardin-champsdavaux.jpg\",\"width\":650,\"height\":650,\"caption\":\"jardin et jacuzzi h\u00f4tel\"},{\"@type\":\"BreadcrumbList\",\"@id\":\"https:\/\/www.champsdavaux.com\/en\/our-services#breadcrumb\",\"itemListElement\":[{\"@type\":\"ListItem\",\"position\":1,\"name\":\"Accueil\",\"item\":\"https:\/\/www.champsdavaux.com\/en\"},{\"@type\":\"ListItem\",\"position\":2,\"name\":\"Our services\"}]},{\"@type\":\"WebSite\",\"@id\":\"https:\/\/www.champsdavaux.com\/#website\",\"url\":\"https:\/\/www.champsdavaux.com\/\",\"name\":\"Les Champs d&#039;Avaux\",\"description\":\"\",\"potentialAction\":[{\"@type\":\"SearchAction\",\"target\":{\"@type\":\"EntryPoint\",\"urlTemplate\":\"https:\/\/www.champsdavaux.com\/?s={search_term_string}\"},\"query-input\":\"required name=search_term_string\"}],\"inLanguage\":\"en-US\"}]}<\/script>\n<!-- \/ Yoast SEO plugin. -->","yoast_head_json":{"title":"D\u00e9couvrez les services inclus dans notre h\u00f4tel","description":"Vous souhaitez en savoir plus sur les services propos\u00e9s par l'h\u00f4tel ? C'est par ici ! Profitez de la piscine et de nos autres \u00e9quipements !","robots":{"index":"index","follow":"follow","max-snippet":"max-snippet:-1","max-image-preview":"max-image-preview:large","max-video-preview":"max-video-preview:-1"},"canonical":"https:\/\/www.champsdavaux.com\/en\/our-services","og_locale":"en_US","og_type":"article","og_title":"D\u00e9couvrez les services inclus dans notre h\u00f4tel","og_description":"Vous souhaitez en savoir plus sur les services propos\u00e9s par l'h\u00f4tel ? C'est par ici ! Profitez de la piscine et de nos autres \u00e9quipements !","og_url":"https:\/\/www.champsdavaux.com\/en\/our-services","og_site_name":"Les Champs d&#039;Avaux","article_modified_time":"2024-08-06T13:45:39+00:00","og_image":[{"width":650,"height":650,"url":"https:\/\/www.champsdavaux.com\/wp-content\/uploads\/2024\/04\/Jaccuzi-et-jardin-champsdavaux.jpg","type":"image\/jpeg"}],"twitter_card":"summary_large_image","twitter_misc":{"Est. reading time":"1 minute"},"schema":{"@context":"https:\/\/schema.org","@graph":[{"@type":"WebPage","@id":"https:\/\/www.champsdavaux.com\/en\/our-services","url":"https:\/\/www.champsdavaux.com\/en\/our-services","name":"D\u00e9couvrez les services inclus dans notre h\u00f4tel","isPartOf":{"@id":"https:\/\/www.champsdavaux.com\/#website"},"primaryImageOfPage":{"@id":"https:\/\/www.champsdavaux.com\/en\/our-services#primaryimage"},"image":{"@id":"https:\/\/www.champsdavaux.com\/en\/our-services#primaryimage"},"thumbnailUrl":"https:\/\/www.champsdavaux.com\/wp-content\/uploads\/2024\/04\/Jaccuzi-et-jardin-champsdavaux.jpg","datePublished":"2022-11-22T21:32:28+00:00","dateModified":"2024-08-06T13:45:39+00:00","description":"Vous souhaitez en savoir plus sur les services propos\u00e9s par l'h\u00f4tel ? C'est par ici ! Profitez de la piscine et de nos autres \u00e9quipements !","breadcrumb":{"@id":"https:\/\/www.champsdavaux.com\/en\/our-services#breadcrumb"},"inLanguage":"en-US","potentialAction":[{"@type":"ReadAction","target":["https:\/\/www.champsdavaux.com\/en\/our-services"]}]},{"@type":"ImageObject","inLanguage":"en-US","@id":"https:\/\/www.champsdavaux.com\/en\/our-services#primaryimage","url":"https:\/\/www.champsdavaux.com\/wp-content\/uploads\/2024\/04\/Jaccuzi-et-jardin-champsdavaux.jpg","contentUrl":"https:\/\/www.champsdavaux.com\/wp-content\/uploads\/2024\/04\/Jaccuzi-et-jardin-champsdavaux.jpg","width":650,"height":650,"caption":"jardin et jacuzzi h\u00f4tel"},{"@type":"BreadcrumbList","@id":"https:\/\/www.champsdavaux.com\/en\/our-services#breadcrumb","itemListElement":[{"@type":"ListItem","position":1,"name":"Accueil","item":"https:\/\/www.champsdavaux.com\/en"},{"@type":"ListItem","position":2,"name":"Our services"}]},{"@type":"WebSite","@id":"https:\/\/www.champsdavaux.com\/#website","url":"https:\/\/www.champsdavaux.com\/","name":"Les Champs d&#039;Avaux","description":"","potentialAction":[{"@type":"SearchAction","target":{"@type":"EntryPoint","urlTemplate":"https:\/\/www.champsdavaux.com\/?s={search_term_string}"},"query-input":"required name=search_term_string"}],"inLanguage":"en-US"}]}},"_links":{"self":[{"href":"https:\/\/www.champsdavaux.com\/en\/wp-json\/wp\/v2\/pages\/4858","targetHints":{"allow":["GET"]}}],"collection":[{"href":"https:\/\/www.champsdavaux.com\/en\/wp-json\/wp\/v2\/pages"}],"about":[{"href":"https:\/\/www.champsdavaux.com\/en\/wp-json\/wp\/v2\/types\/page"}],"author":[{"embeddable":true,"href":"https:\/\/www.champsdavaux.com\/en\/wp-json\/wp\/v2\/users\/1"}],"replies":[{"embeddable":true,"href":"https:\/\/www.champsdavaux.com\/en\/wp-json\/wp\/v2\/comments?post=4858"}],"version-history":[{"count":5,"href":"https:\/\/www.champsdavaux.com\/en\/wp-json\/wp\/v2\/pages\/4858\/revisions"}],"predecessor-version":[{"id":4892,"href":"https:\/\/www.champsdavaux.com\/en\/wp-json\/wp\/v2\/pages\/4858\/revisions\/4892"}],"wp:featuredmedia":[{"embeddable":true,"href":"https:\/\/www.champsdavaux.com\/en\/wp-json\/wp\/v2\/media\/3802"}],"wp:attachment":[{"href":"https:\/\/www.champsdavaux.com\/en\/wp-json\/wp\/v2\/media?parent=4858"}],"curies":[{"name":"wp","href":"https:\/\/api.w.org\/{rel}","templated":true}]}}